{"id":2098,"date":"2025-07-06T20:39:14","date_gmt":"2025-07-06T20:39:14","guid":{"rendered":"https:\/\/orcacuracao.com\/?page_id=2098"},"modified":"2025-07-23T20:23:18","modified_gmt":"2025-07-23T20:23:18","slug":"zwembad-bennie-leito","status":"publish","type":"page","link":"https:\/\/orcacuracao.com\/?page_id=2098","title":{"rendered":"Zwembad Bennie Leito"},"content":{"rendered":"\n<p><a href=\"#papia\">Klek aki pa e vershon den Papiamentu<br><\/a><a href=\"#eng\">Click here for English<\/a><\/p>\n\n\n\n<p>We zwemmen meestal in Pisina Bennie Leito. (ook wel bekend als RIF Bad, vernoemd naar het Rif Fort). Dit is een 50 meter bad met 8 zwembanen centraal gelegen in Willemstad. Een heerlijk zwembad met een top uitzicht!<br><br>Adres: 4345+J9P, Gouverneur van Slobbeweg, Willemstad, Cura\u00e7ao<br><a href=\"https:\/\/www.google.com\/maps\/place\/Pisina+Bennie+Leito\/@12.1066048,-68.9412126,15z\/data=!4m6!3m5!1s0x8e8482f7f4185107:0xb6876ee73c318e04!8m2!3d12.1065759!4d-68.941549!16s%2Fg%2F11d_7616j1?entry=ttu&amp;g_ep=EgoyMDI1MDYzMC4wIKXMDSoASAFQAw%3D%3D\">Google maps<\/a><br><br>Het zwembad is goed te bereiken met de auto. Voor het zwembad is een openbare parkeerplaats. Op 5 minuten loopafstand is een betaalde parkeergarage (Renaissance mall).<br><br>Het zwembad ligt op 5 minuten loopafstand van de centrale bushaltes van Willemstad (Bus Station Otrobanda).<br><br>Natuurlijk zijn er in het zwembad (gescheiden) kleedkamers, douches en wc\u2019s. Er is ook een wedstrijdklok om jouw tijden bij te houden.<br><br>Kijk voor de kaart en foto\u2019s aan het einde van deze pagina.<br><\/p>\n\n\n\n<h1 class=\"wp-block-heading\" id=\"papia\">Pisina Bennie Leito<\/h1>\n\n\n\n<p>Nos ta generalmente na Pisina Bennie Leito pa bai landa. (E tambe ta conoci como RIF Bad, nomber pa e Rif Fort). E ta un pisina di 50 meter ku 8 baan di landa, situ\u00e1 den centro di Willemstad. Un pisina dushi ku un bista espectacular!<br><br><strong>Adres:<\/strong> 4345+J9P, Gouverneur van Slobbeweg, Willemstad, K\u00f2rsou<br><a href=\"https:\/\/www.google.com\/maps\/place\/Pisina+Bennie+Leito\/@12.1066048,-68.9412126,15z\/data=!4m6!3m5!1s0x8e8482f7f4185107:0xb6876ee73c318e04!8m2!3d12.1065759!4d-68.941549!16s%2Fg%2F11d_7616j1?entry=ttu&amp;g_ep=EgoyMDI1MDYzMC4wIKXMDSoASAFQAw%3D%3D\">Google maps<\/a><br><br>E pisina ta fasil pa yega ku outo. Debi e pisina tin un parkeo p\u00fabliko. Na 5 min\u00fct di kaminda tin un parkeergarage ku bo mester paga (Renaissance Mall).<br>E pisina ta na 5 min\u00fct di kaminda for di e parada prinsipal di bus di Willemstad (Bus Station Otrobanda).<br>Klaro ku tin kamber di bisti (separ\u00e1 pa h\u00f2mber i muhe), duchanan i bano. Tambe tin un rel\u00f2 di kompetensia pa tuma tempu di bo landamentu.\u2019<br>Mira aki pa e karta i e portretan.<\/p>\n\n\n\n<h1 class=\"wp-block-heading\" id=\"eng\">Bennie Leito Swimming Pool<\/h1>\n\n\n\n<p>We usually swim at the Bennie Leito Pool (also known as RIF Pool, named after the Rif Fort). It\u2019s a 50-meter pool with 8 swimming lanes, centrally located in Willemstad. A lovely pool with a stunning view!<br><br><strong>Address:<\/strong> 4345+J9P, Gouverneur van Slobbeweg, Willemstad, Cura\u00e7ao<br><a href=\"https:\/\/www.google.com\/maps\/place\/Pisina+Bennie+Leito\/@12.1066048,-68.9412126,15z\/data=!4m6!3m5!1s0x8e8482f7f4185107:0xb6876ee73c318e04!8m2!3d12.1065759!4d-68.941549!16s%2Fg%2F11d_7616j1?entry=ttu&amp;g_ep=EgoyMDI1MDYzMC4wIKXMDSoASAFQAw%3D%3D\">Google maps<\/a><br><br>The pool is easily accessible by car. There is a public parking lot right in front. A paid parking garage (Renaissance Mall) is a 5-minute walk away.<br>The pool is also a 5-minute walk from the main bus station of Willemstad (Bus Station Otrobanda).<\/p>\n\n\n\n<p>Of course, the pool has separate changing rooms, showers, and toilets. There\u2019s also a competition clock to keep track of your swim times.\n\n\n\n<figure class=\"wp-block-image size-full\"><img loading=\"lazy\" decoding=\"async\" width=\"607\" height=\"379\" src=\"https:\/\/orcacuracao.com\/wp-content\/uploads\/2025\/07\/image.png\" alt=\"\" class=\"wp-image-2099\" srcset=\"https:\/\/orcacuracao.com\/wp-content\/uploads\/2025\/07\/image.png 607w, https:\/\/orcacuracao.com\/wp-content\/uploads\/2025\/07\/image-300x187.png 300w, https:\/\/orcacuracao.com\/wp-content\/uploads\/2025\/07\/image-600x375.png 600w\" sizes=\"auto, (max-width: 607px) 100vw, 607px\" \/><\/figure>\n\n\n\n<p><a href=\"https:\/\/www.google.com\/maps\/place\/Pisina+Bennie+Leito\/@12.1066048,-68.9412126,15z\/data=!4m6!3m5!1s0x8e8482f7f4185107:0xb6876ee73c318e04!8m2!3d12.1065759!4d-68.941549!16s%2Fg%2F11d_7616j1?entry=ttu&amp;g_ep=EgoyMDI1MDYzMC4wIKXMDSoASAFQAw%3D%3D\">Google maps<\/a><br><\/p>\n\n\n\n<figure class=\"wp-block-image size-full\"><img loading=\"lazy\" decoding=\"async\" width=\"600\" height=\"271\" src=\"https:\/\/orcacuracao.com\/wp-content\/uploads\/2025\/07\/image-3.png\" alt=\"\" class=\"wp-image-2102\" srcset=\"https:\/\/orcacuracao.com\/wp-content\/uploads\/2025\/07\/image-3.png 600w, https:\/\/orcacuracao.com\/wp-content\/uploads\/2025\/07\/image-3-300x136.png 300w\" sizes=\"auto, (max-width: 600px) 100vw, 600px\" \/><\/figure>\n\n\n\n<figure class=\"wp-block-image size-full\"><img loading=\"lazy\" decoding=\"async\" width=\"599\" height=\"404\" src=\"https:\/\/orcacuracao.com\/wp-content\/uploads\/2025\/07\/image-4.png\" alt=\"\" class=\"wp-image-2103\" srcset=\"https:\/\/orcacuracao.com\/wp-content\/uploads\/2025\/07\/image-4.png 599w, https:\/\/orcacuracao.com\/wp-content\/uploads\/2025\/07\/image-4-300x202.png 300w\" sizes=\"auto, (max-width: 599px) 100vw, 599px\" \/><\/figure>\n\n\n\n<figure class=\"wp-block-image size-full\"><img loading=\"lazy\" decoding=\"async\" width=\"600\" height=\"331\" src=\"https:\/\/orcacuracao.com\/wp-content\/uploads\/2025\/07\/image-5.png\" alt=\"\" class=\"wp-image-2104\" srcset=\"https:\/\/orcacuracao.com\/wp-content\/uploads\/2025\/07\/image-5.png 600w, https:\/\/orcacuracao.com\/wp-content\/uploads\/2025\/07\/image-5-300x166.png 300w\" sizes=\"auto, (max-width: 600px) 100vw, 600px\" \/><\/figure>\n","protected":false},"excerpt":{"rendered":"<p>Klek aki pa e vershon den PapiamentuClick here for English We zwemmen meestal in Pisina Bennie Leito. (ook wel bekend als RIF Bad, vernoemd naar het Rif Fort). Dit is een 50 meter bad met 8 zwembanen centraal gelegen in Willemstad. Een heerlijk zwembad met een top uitzicht! Adres: 4345+J9P, Gouverneur van Slobbeweg, Willemstad, Cura\u00e7aoGoogle [&hellip;]<\/p>\n","protected":false},"author":1,"featured_media":0,"parent":0,"menu_order":0,"comment_status":"closed","ping_status":"closed","template":"","meta":{"footnotes":""},"class_list":["post-2098","page","type-page","status-publish","hentry"],"jetpack_sharing_enabled":true,"_links":{"self":[{"href":"https:\/\/orcacuracao.com\/index.php?rest_route=\/wp\/v2\/pages\/2098","targetHints":{"allow":["GET"]}}],"collection":[{"href":"https:\/\/orcacuracao.com\/index.php?rest_route=\/wp\/v2\/pages"}],"about":[{"href":"https:\/\/orcacuracao.com\/index.php?rest_route=\/wp\/v2\/types\/page"}],"author":[{"embeddable":true,"href":"https:\/\/orcacuracao.com\/index.php?rest_route=\/wp\/v2\/users\/1"}],"replies":[{"embeddable":true,"href":"https:\/\/orcacuracao.com\/index.php?rest_route=%2Fwp%2Fv2%2Fcomments&post=2098"}],"version-history":[{"count":11,"href":"https:\/\/orcacuracao.com\/index.php?rest_route=\/wp\/v2\/pages\/2098\/revisions"}],"predecessor-version":[{"id":2153,"href":"https:\/\/orcacuracao.com\/index.php?rest_route=\/wp\/v2\/pages\/2098\/revisions\/2153"}],"wp:attachment":[{"href":"https:\/\/orcacuracao.com\/index.php?rest_route=%2Fwp%2Fv2%2Fmedia&parent=2098"}],"curies":[{"name":"wp","href":"https:\/\/api.w.org\/{rel}","templated":true}]}}