{"id":441,"date":"2019-11-24T01:34:47","date_gmt":"2019-11-24T01:34:47","guid":{"rendered":"https:\/\/orcacuracao.com\/?page_id=441"},"modified":"2025-05-19T17:17:55","modified_gmt":"2025-05-19T17:17:55","slug":"waterpolo","status":"publish","type":"page","link":"https:\/\/orcacuracao.com\/?page_id=441","title":{"rendered":"Waterpolo"},"content":{"rendered":"\n<p><a href=\"#papia\">\nKlek aki pa e vershon den Papiamentu<\/a><\/p>\n\n\n\n<p><a href=\"#eng\">Click here for English<\/a><\/p>\n\n\n\n<p>Waterpolo is een spectaculaire teamsport waarin zwemmen, passen, scoren en samenwerken samenkomen. Twee teams proberen de bal in het doel van de tegenstander te krijgen \u2014 terwijl ze blijven zwemmen \u00e9n verdedigen. Het is snel, fysiek en enorm leuk voor iedereen die van actie in het water houdt. Geschikt voor zowel jeugd als volwassenen, van beginner tot ervaren speler.<\/p>\n\n\n\n<p><strong>Welke leeftijdsgroepen zijn er \/ vanaf wanneer mag ik meezwemmen?<\/strong><\/p>\n\n\n\n<p>Je kan vanaf 5 jaar meezwemmen. De volgende groepen zijn er:<\/p>\n\n\n\n<ul class=\"wp-block-list\">\n<li>Onder 8 jaar (groep U8)<\/li>\n\n\n\n<li>Tussen 8 en 10 jaar (groep U10)<\/li>\n\n\n\n<li>Tussen 10 en 12 jaar (groep U12)<\/li>\n\n\n\n<li>Tussen 12 en 14 jaar (groep U14)<\/li>\n\n\n\n<li>Tussen 14 en 16 jaar (groep U16)<\/li>\n\n\n\n<li>Tussen 16 en 19 jaar (groep U19)<\/li>\n\n\n\n<li>Senioren<\/li>\n<\/ul>\n\n\n\n<p>Ongeacht leeftijd zoeken we een passende groep bij jouw zwemkwaliteiten.<\/p>\n\n\n\n<p><strong>Moet ik goed kunnen zwemmen om mee te doen?<\/strong><br>In principe moet je minimaal een diploma A hebben. Er zijn ook kinderen die geen diploma hebben. Zij worden getest en bij succes, toegelaten. Dan gaan zij ook voor hun diploma trainen.<\/p>\n\n\n\n<p><strong>Is waterpolo geschikt voor beginners?<\/strong><br>Jazeker!<\/p>\n\n\n\n<p><strong>Hoe fysiek is waterpolo?<\/strong><br>Het is fysiek, maar hier groei je in.<\/p>\n\n\n\n<p><strong>Moet ik sterk zijn?<\/strong><br>Ook daar trainen we op.<\/p>\n\n\n\n<p><strong>Kan ik instromen als volwassene zonder ervaring?<\/strong><br>Als je kan zwemmen kan dat. Als je niet kan zwemmen dan is het advies om eerst bij de Masters te beginnen en gelijktijdig bij het waterpolo voor ervaring met de bal.<\/p>\n\n\n\n<p><strong>Wat voor spullen heb je nodig?<\/strong><br>Alleen zwemkleding. Wij regelen bal, cap en andere benodigdheden.<\/p>\n\n\n\n<p><strong>Mag ik eerst een paar keer proberen voordat ik lid word?<\/strong><br>Ja, je mag proeftrainingen doen voor 2 weken en het kost niets.<\/p>\n\n\n\n<p><strong>Hoe kan je je aanmelden voor een proefles?<\/strong><br>Dit kan per telefoon en per email. Deze staan bij de <a href=\"https:\/\/orcacuracao.com\/?page_id=77\" data-type=\"page\" data-id=\"77\">contactgegevens<\/a>.<\/p>\n\n\n\n<p><strong>Hoeveel kost een lidmaatschap? Hoe kan ik betalen<\/strong><br>Het kost 35 XCG per maand voor leden tot 20 jaar en 50 gulden per maand voor leden vanaf 21 jaar<\/p>\n\n\n\n<p>De eerste betaling voor de lidmaatschap kost:<br>75 XCG (voor tot en met 20 jaar) of 90 XCG (vanaf 21 jaar).<\/p>\n\n\n\n<p>Dat bestaat uit:<br>35 XCG of 50 XCG kontributie Orca<br>15 XCG verzekering per jaar<br>25 XCG contributie FAK. FAK is de zwembond.<\/p>\n\n\n\n<p>Betalen kan op de club.<\/p>\n\n\n\n<p><strong>Worden er ook extra activiteiten georganiseerd?<\/strong><br>Er worden ook beachwaterpolo wedstrijden georganiseerd en buitenlandse toernooien.<\/p>\n\n\n\n<p><strong>Is er een wachtlijst?<\/strong><br>Nee, nog niet.<\/p>\n\n\n\n<p><strong>Ik ben tijdelijk in Cura\u00e7ao, kan ik meetrainen?<\/strong><\/p>\n\n\n\n<p>Hartstikke leuk dat je mee wil zwemmen! Je bent van harte welkom! Je kan meteen beginnen maar bespreek het wel even van te voren met Vernon. Dit kan telefonisch of per email. Kijk hier voor de <a href=\"https:\/\/orcacuracao.com\/?page_id=77\" data-type=\"page\" data-id=\"77\">contactgegevens.\u00a0<\/a><\/p>\n\n\n\n<p>Er geldt een speciaal tijdelijk tarief.<\/p>\n\n\n\n<p>Voor XCG 70,- per maand mag je meetrainen. Je \u201ckoopt\u201d dit altijd per maand. Hiermee houdt je je conditie op peil, geniet je van de heerlijke mogelijkheid om buiten te trainen en sponsor je de club een beetje.<\/p>\n\n\n\n<p>Betalen kan op de club per pin.<\/p>\n\n\n\n<h2 class=\"wp-block-heading\">TRAININGEN<\/h2>\n\n\n\n<p><strong>Wanneer wordt er getraind?<\/strong><\/p>\n\n\n\n<p><strong>Jongeren<\/strong> (groepen: U8, U10)<br>ma en do van 18.00 tot 19.00 Pisina Bennie leito<br>za van 11.30 tot 12.30 Pirate Bay.<\/p>\n\n\n\n<p><strong>Jeugd<\/strong> (groepen: U12 en U14)<br>ma en do van 18.00 tot 19.30 Pisina Bennie leito<br>za van 11.30 tot 13.00 Pirate Bay<\/p>\n\n\n\n<p><strong>Oudere jeugd <\/strong>(groepen: U16, U19 en Senioren)<br>ma en do van 19.30 tot 21.00 Pisina Bennie leito<br>za 10.00 tot 11.30 Pirate Bay<\/p>\n\n\n\n<p><strong>Is het ook toegestaan om minder te trainen?<\/strong><br>Voor nieuwelingen is het zeker toegestaan om minder te trainen. We spreken dan af wanneer je wel komt trainen.<\/p>\n\n\n\n<p><strong>Zijn er ook trainingen in de vakanties?<\/strong><br>In de vakanties zijn er in principe geen trainingen,\u00a0 alleen als er een toernooi in of net na de vakantie periode is.<\/p>\n\n\n\n<p>In de vakantie zijn de trainingen aangepast, 2x per week krijgen de atleten die dat willen les voor hun volgende diploma en er is gelegenheid om zelf te trainen in 3 of 4 banen voor de lid die dat wil.<\/p>\n\n\n\n<h2 class=\"wp-block-heading\">WEDSTRIJDEN<\/h2>\n\n\n\n<p><strong>Zijn er wedstrijden en hoe vaak?<\/strong><br>Er zijn 11 toernooien per jaar. Op een toernooi worden meerdere wedstrijden gespeeld. Zowel beachwaterpolo als gewoon waterpolo en toernooien worden in zowel binnen als buitenland. Je kan dus lekker veel spelen!<\/p>\n\n\n\n<p><strong>Doet iedereen mee aan wedstrijden?<\/strong><br>Nee, alleen degenen die dat willen.<\/p>\n\n\n\n<h1 class=\"wp-block-heading\" id=\"papia\">PAPIAMENTU<\/h1>\n\n\n\n<p><strong>Waterpolo ta un deporte di grupo espectacular kaminda laga na warda, pasa bal, saka gol i traha huntu ta bin hunto. Dos team ta intenta pone e bal den porteria di e otro team \u2013 mientras nan ta sigui laga i defende. <\/strong><strong>E deporte aki ta rapido, fisiko i hopi divertido pa tur hende ku gusta akshon den awa. E ta propio pa mucha i grandi, di prinsipianten te eksperto.<\/strong><\/p>\n\n\n\n<p><strong>Ki edat por kumins\u00e1 laga huntu? \/ For di ki edat por yega?<\/strong><br>Bo por yega for di 5 a\u00f1a. Aki bou ta e grupo-nan:<br>\u2022 Menos ku 8 a\u00f1a (grupo U8)<br>\u2022 Entre 8 i 10 a\u00f1a (grupo U10)<br>\u2022 Entre 10 i 12 a\u00f1a (grupo U12)<br>\u2022 Entre 12 i 14 a\u00f1a (grupo U14)<br>\u2022 Entre 14 i 16 a\u00f1a (grupo U16)<br>\u2022 Entre 16 i 19 a\u00f1a (grupo U19)<br>\u2022 Seniornan<br>No ta import\u00e1 bo edat \u2014 nos ta buska un grupo ku ta nifik\u00e1 ku bo nivel di laga.<\/p>\n\n\n\n<p><strong>Mi mester laga hopi bon pa por yega?<\/strong><br>Na prinsipio bo mester tin diploma A. Tin mucha ku no tin diploma. Nan ta wordu test\u00e1 i si nan pasa, nan por yega. Esey ta nifik\u00e1 ku nan ta train tambe pa ha\u00f1a nan diploma.<\/p>\n\n\n\n<p><strong>Waterpolo ta propio pa prinsipianten?<\/strong><br>Definitivamente!<\/p>\n\n\n\n<p><strong>Kuantu fisiko waterpolo ta?<\/strong><br>E ta fisiko, pero bo ta krese den dje.<\/p>\n\n\n\n<p><strong>Mi mester fuerte?<\/strong><br>Nos ta train riba esei tambe.<\/p>\n\n\n\n<p><strong>Mi por kumins\u00e1 komo un adulto sin eksperensia?<\/strong><br>Si bo por laga, si. Si bo no por laga, e konseho ta pa kumins\u00e1 ku e grupo Masters i na mes tempo praktika ku waterpolo pa kue bo biba eksperensia ku bal.<\/p>\n\n\n\n<p><strong>Kiko mi mester pa yega?<\/strong><br>So ropai di laga. Nos ta duna bo bal, kap i otro kos ku bo mester.<\/p>\n\n\n\n<p><strong>Mi por purba prome ku mi bira miembro?<\/strong><br>Si, bo por trese dos siman di entrenamentu di prueba sin kos.<\/p>\n\n\n\n<p><strong>Kiko mi por hasi pa registr\u00e1 pa un les di prueba?<\/strong><br>Bo por hasi esaki via telef\u00f2n \u00f2f email. E dato-nan ta na kontaktodato.<\/p>\n\n\n\n<p><strong>Kiko ta e kostu pa bira miembro? I kon mi por paga?<\/strong><br>E ta 35 XCG pa luna pa miembro te 20 a\u00f1a. Pa 21 a\u00f1a \u00f2f mas ta 50 XCG pa luna.<br>E prom\u00e9 pagamentu ta:<br>\u2022 75 XCG (pa te 20 a\u00f1a)<br>\u2022 90 XCG (pa 21 a\u00f1a i mas)<\/p>\n\n\n\n<p>E ta inklu\u00ed:<br>\u2022 35 \u00f2f 50 XCG kontribushon pa Orca<br>\u2022 15 XCG aseguranza pa un a\u00f1a<br>\u2022 25 XCG kontribushon pa FAK (Federashon di Natashon)<\/p>\n\n\n\n<p>Paga por hasi na klub mes.<\/p>\n\n\n\n<p><strong>Tin actividadnan ekstra tambe?<\/strong><br>Si, nos ta organis\u00e1 kompetensia di beachwaterpolo i tambe torneo na otro pais.<\/p>\n\n\n\n<p><strong>Tin lista di warda?<\/strong><br>No, a\u00fan no.<\/p>\n\n\n\n<p><strong>Mi ta na K\u00f2rsou temporalmente, mi por yega?<\/strong><br>Super di bunita ku bo ke yega! Bo ta mas ku bon bin\u00ed! Bo por kumins\u00e1 direktamente pero papia prom\u00e9 ku Vernon via telef\u00f2n \u00f2f email. Mira kontaktodato aki.<br>Tin un tarifa spesial pa hende temporal.<br>Pa 70 XCG pa luna bo por yega. Bo ta &#8220;kompra&#8221; e luna. Asina bo por sigui den forma, disfrut\u00e1 di train na aire libre i apoy\u00e1 e klub tambe.<br>Pago ta posibel na klub ku pin.<\/p>\n\n\n\n<hr class=\"wp-block-separator has-alpha-channel-opacity\"\/>\n\n\n\n<p><strong>ENTRENAMENTUNAN<\/strong><\/p>\n\n\n\n<p><strong>Ki dia i ora tin entrenamentu?<\/strong><\/p>\n\n\n\n<p><strong>Muchanan chik\u00ed (grupo U8, U10)<\/strong><br>\u2022 Diabierna i djasabra di 18.00 te 19.00 \u2013 Pisina Bennie Leito<br>\u2022 Djasabra di 11.30 te 12.30 \u2013 Pirate Bay<\/p>\n\n\n\n<p><strong>Muchanan grandi (grupo U12, U14)<\/strong><br>\u2022 Diabierna i djasabra di 18.00 te 19.30 \u2013 Pisina Bennie Leito<br>\u2022 Djasabra di 11.30 te 13.00 \u2013 Pirate Bay<\/p>\n\n\n\n<p><strong>Grupo grandi (U16, U19 i seniornan)<\/strong><br>\u2022 Diabierna i djasabra di 19.30 te 21.00 \u2013 Pisina Bennie Leito<br>\u2022 Djasabra di 10.00 te 11.30 \u2013 Pirate Bay<\/p>\n\n\n\n<p><strong>Mi por entren\u00e1 m\u00e9nos biaha?<\/strong><br>Pa hende nobo ta permit\u00ed entren\u00e1 m\u00e9nos. Nos ta ak\u00f2rd\u00e1 ku bo kiko e ora i dia ta.<\/p>\n\n\n\n<p><strong>Tin entrenamentu den vakashon?<\/strong><br>Normalmente no tin. Si tin torneo den \u00f2f despues di e periodo di vakashon, si tin.<br>Na vakashon nos ta ofer\u00e9 2 biaha pa siman les pa diploma siguiente i por train na su mes na 3 \u00f2f 4 ba\u00f1a si bo ke.<\/p>\n\n\n\n<hr class=\"wp-block-separator has-alpha-channel-opacity\"\/>\n\n\n\n<p><strong>KOMPETENSIANAN<\/strong><\/p>\n\n\n\n<p><strong>Tin kompetensianan? Kuantu biaha?<\/strong><br>Tin 11 torneo pa a\u00f1a. Den un torneo bo ta hunga varios wedsrtrijden. Tin beachwaterpolo i normal waterpolo. Tin torneo na K\u00f2rsou i tambe na otro pais. Bo por hunga hopi!<\/p>\n\n\n\n<p><strong>Tur hende ta partisip\u00e1 den kompetensianan?<\/strong><br>No, solo esnan ku ke hunga ta partisip\u00e1.<\/p>\n\n\n\n<h1 class=\"wp-block-heading\" id=\"eng\">ENGLISH<\/h1>\n\n\n\n<p><strong>Water polo is a spectacular team sport that combines swimming, passing, scoring, and teamwork. Two teams try to get the ball into the opponent\u2019s goal \u2014 all while swimming and defending. It\u2019s fast-paced, physical, and great fun for anyone who loves action in the water. It\u2019s suitable for both youth and adults, from beginners to experienced players.<\/strong><\/p>\n\n\n\n<p><strong>What age groups are there \/ From what age can I join?<\/strong><br>You can start from the age of 5. The groups are:<br>\u2022 Under 8 years old (U8 group)<br>\u2022 Between 8 and 10 years (U10 group)<br>\u2022 Between 10 and 12 years (U12 group)<br>\u2022 Between 12 and 14 years (U14 group)<br>\u2022 Between 14 and 16 years (U16 group)<br>\u2022 Between 16 and 19 years (U19 group)<br>\u2022 Seniors<br>Regardless of age, we\u2019ll find the group that matches your swimming level.<\/p>\n\n\n\n<p><strong>Do I need to be a good swimmer to join?<\/strong><br>In principle, you need at least a diploma A (basic swimming certificate). Some children don\u2019t have a diploma yet. They will be tested, and if successful, can join. They will also train toward their diploma.<\/p>\n\n\n\n<p><strong>Is water polo suitable for beginners?<\/strong><br>Absolutely!<\/p>\n\n\n\n<p><strong>How physical is water polo?<\/strong><br>It is a physical sport, but you grow into it.<\/p>\n\n\n\n<p><strong>Do I need to be strong?<\/strong><br>We train for that too.<\/p>\n\n\n\n<p><strong>Can I join as an adult with no experience?<\/strong><br>If you can swim, yes! If you cannot swim yet, it\u2019s best to start with the Masters group and join water polo at the same time to get experience with the ball.<\/p>\n\n\n\n<p><strong>What equipment do I need?<\/strong><br>Only swimwear. We provide the ball, cap, and other materials.<\/p>\n\n\n\n<p><strong>Can I try it out before becoming a member?<\/strong><br>Yes, you can try for 2 weeks with trial sessions, free of charge.<\/p>\n\n\n\n<p><strong>How can I register for a trial session?<\/strong><br>You can register by phone or email. These are listed under contact details.<\/p>\n\n\n\n<p><strong>How much does membership cost? How can I pay?<\/strong><br>It costs 35 XCG per month for members up to 20 years old and 50 XCG per month for members aged 21 and older.<br>The first membership payment is:<br>\u2022 75 XCG (up to 20 years)<br>\u2022 90 XCG (21 years and older)<br>This includes:<br>\u2022 35 or 50 XCG for Orca club membership<br>\u2022 15 XCG for yearly insurance<br>\u2022 25 XCG for FAK contribution (the swimming federation)<\/p>\n\n\n\n<p>Payment can be made at the club.<\/p>\n\n\n\n<p><strong>Are there additional activities?<\/strong><br>Yes, we organize beach water polo matches and international tournaments.<\/p>\n\n\n\n<p><strong>Is there a waiting list?<\/strong><br>No, not at the moment.<\/p>\n\n\n\n<p><strong>I\u2019m temporarily in Cura\u00e7ao. Can I join training?<\/strong><br>That\u2019s great \u2014 we\u2019d love to have you! You\u2019re very welcome. You can start immediately, but please contact Vernon in advance by phone or email. See the contact details.<br>There is a special temporary rate:<br>For 70 XCG per month, you can train with us. You always \u201cbuy\u201d a full month. This helps you stay in shape, enjoy training outdoors, and support the club at the same time.<br>Payment can be made at the club by card.<\/p>\n\n\n\n<hr class=\"wp-block-separator has-alpha-channel-opacity\"\/>\n\n\n\n<p><strong>TRAINING SESSIONS<\/strong><\/p>\n\n\n\n<p><strong>When are training sessions held?<\/strong><\/p>\n\n\n\n<p><strong>Younger children (groups: U8, U10)<\/strong><br>\u2022 Monday and Thursday from 6:00 to 7:00 PM \u2013 Bennie Leito Pool<br>\u2022 Saturday from 11:30 AM to 12:30 PM \u2013 Pirate Bay<\/p>\n\n\n\n<p><strong>Youth (groups: U12 and U14)<\/strong><br>\u2022 Monday and Thursday from 6:00 to 7:30 PM \u2013 Bennie Leito Pool<br>\u2022 Saturday from 11:30 AM to 1:00 PM \u2013 Pirate Bay<\/p>\n\n\n\n<p><strong>Older youth and adults (groups: U16, U19 and Seniors)<\/strong><br>\u2022 Monday and Thursday from 7:30 to 9:00 PM \u2013 Bennie Leito Pool<br>\u2022 Saturday from 10:00 to 11:30 AM \u2013 Pirate Bay<\/p>\n\n\n\n<p><strong>Is it allowed to train less often?<\/strong><br>Yes, especially for newcomers. We\u2019ll make an arrangement together.<\/p>\n\n\n\n<p><strong>Are there training sessions during holidays?<\/strong><br>Usually not, unless there\u2019s a tournament during or just after the holiday.<br>During holidays, there are adapted training options:<br>Twice a week, athletes can train for their next swimming diploma, and there\u2019s also space for self-training in 3 or 4 lanes for those who want it.<\/p>\n\n\n\n<hr class=\"wp-block-separator has-alpha-channel-opacity\"\/>\n\n\n\n<p><strong>MATCHES<\/strong><\/p>\n\n\n\n<p><strong>Are there competitions and how often?<\/strong><br>There are 11 tournaments per year. Each tournament includes several matches.<br>There are both beach water polo and regular water polo matches, held locally and internationally. So you\u2019ll get to play a lot!<\/p>\n\n\n\n<p><strong>Does everyone participate in matches?<\/strong><br>No, only those who want to.<\/p>\n\n\n\n<hr class=\"wp-block-separator has-alpha-channel-opacity\"\/>\n\n\n\n<p><a id=\"_msocom_1\"><\/a><\/p>\n\n\n\n<p><\/p>\n","protected":false},"excerpt":{"rendered":"<p>Klek aki pa e vershon den Papiamentu Click here for English Waterpolo is een spectaculaire teamsport waarin zwemmen, passen, scoren en samenwerken samenkomen. Twee teams proberen de bal in het doel van de tegenstander te krijgen \u2014 terwijl ze blijven zwemmen \u00e9n verdedigen. Het is snel, fysiek en enorm leuk voor iedereen die van actie [&hellip;]<\/p>\n","protected":false},"author":1,"featured_media":0,"parent":0,"menu_order":0,"comment_status":"closed","ping_status":"closed","template":"","meta":{"footnotes":""},"class_list":["post-441","page","type-page","status-publish","hentry"],"jetpack_sharing_enabled":true,"_links":{"self":[{"href":"https:\/\/orcacuracao.com\/index.php?rest_route=\/wp\/v2\/pages\/441","targetHints":{"allow":["GET"]}}],"collection":[{"href":"https:\/\/orcacuracao.com\/index.php?rest_route=\/wp\/v2\/pages"}],"about":[{"href":"https:\/\/orcacuracao.com\/index.php?rest_route=\/wp\/v2\/types\/page"}],"author":[{"embeddable":true,"href":"https:\/\/orcacuracao.com\/index.php?rest_route=\/wp\/v2\/users\/1"}],"replies":[{"embeddable":true,"href":"https:\/\/orcacuracao.com\/index.php?rest_route=%2Fwp%2Fv2%2Fcomments&post=441"}],"version-history":[{"count":3,"href":"https:\/\/orcacuracao.com\/index.php?rest_route=\/wp\/v2\/pages\/441\/revisions"}],"predecessor-version":[{"id":2107,"href":"https:\/\/orcacuracao.com\/index.php?rest_route=\/wp\/v2\/pages\/441\/revisions\/2107"}],"wp:attachment":[{"href":"https:\/\/orcacuracao.com\/index.php?rest_route=%2Fwp%2Fv2%2Fmedia&parent=441"}],"curies":[{"name":"wp","href":"https:\/\/api.w.org\/{rel}","templated":true}]}}