{"id":442,"date":"2019-11-24T01:34:48","date_gmt":"2019-11-24T01:34:48","guid":{"rendered":"https:\/\/orcacuracao.com\/?page_id=442"},"modified":"2025-05-19T17:12:07","modified_gmt":"2025-05-19T17:12:07","slug":"synchroon-zwemmen","status":"publish","type":"page","link":"https:\/\/orcacuracao.com\/?page_id=442","title":{"rendered":"Waterballet (Synchroon zwemmen\/artistic swimming)"},"content":{"rendered":"\n<p><a href=\"#papia\">Klek aki pa e vershon den Papiamentu<\/a><\/p>\n\n\n\n<p><a href=\"#eng\">Click here for English<\/a><\/p>\n\n\n\n<p>Waterballet (dat is een andere naam voor Synchroonzwemmen en Artistic Swimming) is een unieke mix van zwemmen, dansen en acrobatiek op muziek. Zwemmers leren sierlijke bewegingen, figuren en teamroutines die zowel kracht als elegantie vereisen. Het is een echte teamsport waarin expressie, ritmegevoel en samenwerking centraal staan. Zowel jonge beginners als oudere sporters kunnen met waterballet starten.<\/p>\n\n\n\n<p><strong>Welke leeftijdsgroepen zijn er \/ vanaf wanneer mag ik meezwemmen?<\/strong><br>Je kan vanaf 5 jaar tot 10 jaar meezwemmen.<\/p>\n\n\n\n<p><strong>Moet ik goed kunnen zwemmen om mee te doen?<\/strong><br>In principe moet je minimaal een diploma A hebben. Er zijn ook kinderen die geen diploma hebben. Zij worden getest en bij succes, toegelaten. Dan gaan zij ook voor hun diploma trainen.<\/p>\n\n\n\n<p><strong>Wat voor spullen heb je nodig?<\/strong><br>Zwemkleding, een cap en neusklem.<\/p>\n\n\n\n<p><strong>Mag ik eerst een paar keer proberen voordat ik lid word?<\/strong><br>Ja, je mag proeftrainingen doen voor 2 weken en het kost niets.<\/p>\n\n\n\n<p><strong>Hoe kan je je aanmelden voor een proefles?<\/strong><br>Je kan bellen of <a href=\"mailto:info@orcacuracao.com\">emailen<\/a>. Klik <a href=\"https:\/\/orcacuracao.com\/?page_id=77\" data-type=\"page\" data-id=\"77\">hier<\/a>\u00a0voor de contactgegevens.<\/p>\n\n\n\n<p><strong>Hoeveel kost een lidmaatschap? Hoe kan ik betalen<\/strong><br>Het kost 35 XCG per maand voor leden tot 20 jaar en 50 gulden per maand voor leden vanaf 21 jaar<\/p>\n\n\n\n<p>De eerste betaling voor de lidmaatschap kost:<br>75 XCG (voor tot en met 20 jaar) of 90 XCG (vanaf 21 jaar).<\/p>\n\n\n\n<p>Dat bestaat uit:<br>35 XCG of 50 XCG kontributie Orca<br>15 XCG verzekering per jaar<br>25 XCG contributie FAK. FAK is de zwembond.<\/p>\n\n\n\n<p>Betalen kan op de club.<\/p>\n\n\n\n<p><strong>Worden er ook extra activiteiten georganiseerd?<\/strong><br>Er worden ook shows georganiseerd. Je mag dan bijvoorbeeld dansen bij de opening van een hotel of bij een bruiloft.<\/p>\n\n\n\n<p><strong>Is er een wachtlijst?<\/strong><br>Nee, nog niet.<\/p>\n\n\n\n<p><strong>Ik ben tijdelijk in Cura\u00e7ao, kan ik meetrainen?<\/strong><br>Hartstikke leuk dat je mee wil zwemmen! Je bent van harte welkom! Je kan meteen beginnen maar bespreek het wel even van te voren met Vernon (zie de contactpagina voor <a href=\"https:\/\/orcacuracao.com\/?page_id=77\" data-type=\"page\" data-id=\"77\">contactgegevens<\/a>\u00a0.<\/p>\n\n\n\n<p>Kijk hier voor onze faciliteiten en meer uitleg.<\/p>\n\n\n\n<p>Er geldt een speciaal tijdelijk tarief.<\/p>\n\n\n\n<p>Voor XCG 70,- per maand mag je meetrainen. Je \u201ckoopt\u201d dit altijd per maand. Hiermee houdt je je conditie op peil, geniet je van de heerlijke mogelijkheid om buiten te trainen en sponsor je de club een beetje.<\/p>\n\n\n\n<p>Betalen kan op de club per pin.<\/p>\n\n\n\n<h2 class=\"wp-block-heading\">TRAININGEN<\/h2>\n\n\n\n<p><strong>Wanneer wordt er getraind?<\/strong><br>Je kan kiezen uit 2 opties:<br>Do van 18.00 tot 20.00 en Vr van 14.00 tot 16.00<br>Of<br>Vr. van 16.00 tot 18.00 en Za van 12.30 tot 14.30<\/p>\n\n\n\n<p>Beide opties zijn in Pisina Bennie leito.<\/p>\n\n\n\n<p><strong>Is het ook toegestaan om minder te trainen?<\/strong><br>Ja, 1 dag naar keuze.<\/p>\n\n\n\n<p><strong>Zijn er ook trainingen in de vakanties?<\/strong><br>In de vakanties zijn er in principe geen trainingen,\u00a0 alleen als er een toernooi in of net na de vakantie periode is.<\/p>\n\n\n\n<p>In de vakantie zijn de trainingen aangepast, 2x per week krijgen de atleten die dat willen les voor hun volgende diploma en er is gelegenheid om zelf te trainen in 3 of 4 banen voor de lid die dat wil.<\/p>\n\n\n\n<h2 class=\"wp-block-heading\">WEDSTRIJDEN<\/h2>\n\n\n\n<p><strong>Zijn er wedstrijden en hoe vaak?<\/strong><br>Er zijn ongeveer 5 wedstrijden per jaar van de bond en dan nog 1 wedstrijd tegen een andere club.<\/p>\n\n\n\n<p><strong>Doet iedereen mee aan wedstrijden?<\/strong><br>Nee, dat is afhankelijk van de atleet.<\/p>\n\n\n\n<p><strong>Is er begeleiding voor jonge zwemmers op wedstrijden?<\/strong><br>Ja.<\/p>\n\n\n\n<h1 class=\"wp-block-heading\" id=\"papia\">PAPIAMENTU<\/h1>\n\n\n\n<p><strong>Aguasinkronisa (konos\u00ed tambe como Waterballet \u00f2f Artistic Swimming) ta un kombinasion \u00faniko di na\u00f1a, baila i akrobatiko riba muzik. <\/strong><strong>E na\u00f1ad\u00f3 nan ta si\u00f1a moveshon gr\u00e1fiko, figura i rutina di grupo ku ta eksig\u00ed f\u00f2rsa i elegansia. Ta un deporte di grupo di berdat, kaminda ekspreshon, ritmo i trahamentu huntu ta fundamental. Tanto mucha chik\u00ed ku ta kumins\u00e1, komo deportista grandi, por kumins\u00e1 ku aguasinkronisa.<\/strong><\/p>\n\n\n\n<p><strong>Ki grupo di edat tin \/ for di ki edat bo por na\u00f1a ku nos?<\/strong><br>Bo por kumins\u00e1 for di 5 a\u00f1a te 10 a\u00f1a.<\/p>\n\n\n\n<p><strong>Mi mester por na\u00f1a bon pa por na\u00f1a ku nos?<\/strong><br>Normalmente, bo mester tin minimo diploma A. Tin tambe mucha sin diploma. Nan ta wordu test\u00e1 i si nan pasa e test, nan por komens\u00e1. Nan tambe lo traha pa ha\u00f1a nan diploma.<\/p>\n\n\n\n<p><strong>Kiko bo mester tin?<\/strong><br>Ropa di na\u00f1a, un kap di kabes (badmuts) i un clampi di nanishi (neusklem).<\/p>\n\n\n\n<p><strong>Mi por probe un par biaha prom\u00e9 ku bira miembro?<\/strong><br>Si, bo por hasi entrenamiento di prueba pa 2 siman i e no ta kosta nada.<\/p>\n\n\n\n<p><strong>Kiko mi por hasi pa registr\u00e1 pa un klas di prueba?<\/strong><br>Bo por yama e n\u00famero riba e website +59995296586 \u00f2f manda un email na <a href=\"mailto:info@orcacuracao.com\">info@orcacuracao.com<\/a><\/p>\n\n\n\n<p><strong>Kuant&#8217;\u00e9 e kontribushon? Kon mi por paga?<\/strong><br>E ta kosta 35 XCG pa luna pa miembro menor ku 21 a\u00f1a, i 50 XCG pa luna pa miembro di 21 a\u00f1a \u00f2f mas grandi.<\/p>\n\n\n\n<p><strong>E prome pago pa e membresia ta:<\/strong><br>\u2022 75 XCG (pa 20 a\u00f1a \u00f2f m\u00e9nos)<br>\u2022 90 XCG (pa 21 a\u00f1a \u00f2f mas grandi)<\/p>\n\n\n\n<p>E ta inklu\u00ed:<br>\u2022 35 \u00f2f 50 XCG kontribushon pa club Orca<br>\u2022 15 XCG siguransa pa un a\u00f1a<br>\u2022 25 XCG kontribushon pa FAK (Federashon di na\u00f1a)<\/p>\n\n\n\n<p>Pago por wordu hasi na club.<\/p>\n\n\n\n<p><strong>Tin un lista di warda?<\/strong><br>A\u00fan no tin.<\/p>\n\n\n\n<p><strong>Mi ta temporalmente na K\u00f2rsou \u2014 mi por trena ku bosonan?<\/strong><br>S\u00faper bon ku bo ke na\u00f1a ku nos! Bo ta mas ku bon bini! Bo por kumins\u00e1 di un biaha, pero papia prom\u00e9 ku Vernon (+59995296586 \u00f2f via email). Mira e kontaktodato aki.<\/p>\n\n\n\n<p><strong>Tin un tarifa spesial pa hende ku ta temporalmente aki.<\/strong><br>Pa 70 XCG pa luna, bo por trena ku nos. Bo ta \u201ckompra\u201d e luna pa luna. Asina bo ta mantene bo kondishon f\u00edsiko, disfrut\u00e1 di entrenamiento af\u00f3 i yuda e club un tiki tambe.<\/p>\n\n\n\n<p>Pago por wordu hasi na club via pin.<\/p>\n\n\n\n<hr class=\"wp-block-separator has-alpha-channel-opacity\"\/>\n\n\n\n<p><strong>ENTRENAMIENTO<\/strong><\/p>\n\n\n\n<p><strong>Ki ora tin entrenamiento?<\/strong><br>Bo por skohe entre 2 opshonan:<\/p>\n\n\n\n<p><strong>Opshon 1:<\/strong><br>\u2022 Djueves di 18.00 te 20.00<br>\u2022 Dj\u00e1rasonan di 14.00 te 16.00<\/p>\n\n\n\n<p><strong>Opshon 2:<\/strong><br>\u2022 Dj\u00e1rasonan di 16.00 te 18.00<br>\u2022 Djasabra di 12.30 te 14.30<\/p>\n\n\n\n<p>Ambos ta na Pisina Bennie Leito.<\/p>\n\n\n\n<p><strong>Mi por trena m\u00e9nos biaha?<\/strong><br>Si, bo por bin un dia pa siman, segun bo preferensia.<\/p>\n\n\n\n<p><strong>Tin entrenamiento den vakashon?<\/strong><br>Den vakashon no tin entrenamiento normal, solamente si tin un toernooi den \u00f2f na fin di e tempu di vakashon.<br>Den e tempu di vakashon tin entrenamiento adapt\u00e1: 2 biaha pa siman tin klas pa e atletenan ku ke trese diploma, i e otro miembro por na\u00f1a riba su mes den 3 \u00f2f 4 canal.<\/p>\n\n\n\n<hr class=\"wp-block-separator has-alpha-channel-opacity\"\/>\n\n\n\n<p><strong>KOMPETENSHA<\/strong><\/p>\n\n\n\n<p><strong>Tin kompetensha i kuantu biaha?<\/strong><br>Tin mas \u00f2 m\u00e9nos 5 kompetensha pa a\u00f1a organiz\u00e1 pa e federashon, i 1 kompetensha kontra un otro club.<\/p>\n\n\n\n<p><strong>Tur hende ta partisip\u00e1 den kompetensha?<\/strong><br>No, e ta depende di e atl\u00e9tnan mes.<\/p>\n\n\n\n<p><strong>Tin guia pa mucha chik\u00ed den kompetensha?<\/strong><br>Si.<\/p>\n\n\n\n<h1 class=\"wp-block-heading\" id=\"eng\">ENGLISH<\/h1>\n\n\n\n<p><strong>Artistic Swimming<\/strong> (also known as <em>Synchronized Swimming<\/em> or <em>Water Ballet<\/em>) is a unique mix of swimming, dancing, and acrobatics performed to music. Swimmers learn graceful movements, figures, and team routines that require both strength and elegance. It\u2019s a true team sport that emphasizes expression, rhythm, and cooperation. Both young beginners and older athletes can start with artistic swimming.<\/p>\n\n\n\n<p><strong>What age groups are there \/ From what age can I join?<\/strong><br>You can join from age 5 to 10.<\/p>\n\n\n\n<p><strong>Do I need to be a good swimmer to participate?<\/strong><br>In general, you need to have at least a level A swimming diploma. However, there are also children without a diploma. They will be tested, and if successful, they will be admitted. They will also start training toward their diploma.<\/p>\n\n\n\n<p><strong>What equipment do I need?<\/strong><br>Swimsuit, a swim cap, and a nose clip.<\/p>\n\n\n\n<p><strong>Can I try a few times before becoming a member?<\/strong><br>Yes, you can join trial sessions for 2 weeks free of charge.<\/p>\n\n\n\n<p><strong>How can I sign up for a trial lesson?<\/strong><br>You can call or email us. Click <a href=\"https:\/\/orcacuracao.com\/?page_id=77\" data-type=\"page\" data-id=\"77\">here\u00a0<\/a>for contact information.<\/p>\n\n\n\n<p><strong>How much does membership cost and how can I pay?<\/strong><br>Membership costs 35 XCG per month for members up to 20 years old, and 50 XCG per month for members 21 and older.<\/p>\n\n\n\n<p><strong>The first payment for membership is:<\/strong><br>\u2022 75 XCG (up to and including age 20)<br>\u2022 90 XCG (age 21 and older)<\/p>\n\n\n\n<p>This includes:<br>\u2022 35 XCG or 50 XCG Orca club contribution<br>\u2022 15 XCG insurance (annual)<br>\u2022 25 XCG contribution to FAK (the swimming federation)<\/p>\n\n\n\n<p>Payment can be made at the club.<\/p>\n\n\n\n<p><strong>Are there any additional activities organized?<\/strong><br>Yes, there are also shows! For example, you may get to perform at a hotel opening or a wedding.<\/p>\n\n\n\n<p><strong>Is there a waiting list?<\/strong><br>No, not at the moment.<\/p>\n\n\n\n<p><strong>I\u2019m temporarily in Cura\u00e7ao \u2014 can I train with you?<\/strong><br>We\u2019d love for you to join! You are very welcome. You can start right away, but please contact Vernon beforehand (see the <a href=\"https:\/\/orcacuracao.com\/?page_id=77\" data-type=\"page\" data-id=\"77\">contact<\/a>\u00a0page for details).<\/p>\n\n\n\n<p><strong>We offer a special temporary rate:<\/strong><br>You can train with us for XCG 70 per month. This is purchased on a monthly basis. It\u2019s a great way to stay in shape, enjoy the opportunity to train outdoors, and support the club a little at the same time.<\/p>\n\n\n\n<p>Payment can be made at the club by card.<\/p>\n\n\n\n<hr class=\"wp-block-separator has-alpha-channel-opacity\"\/>\n\n\n\n<p><strong>TRAINING<\/strong><\/p>\n\n\n\n<p><strong>When are the training sessions?<\/strong><br>You can choose between two options:<\/p>\n\n\n\n<p><strong>Option 1:<\/strong><br>\u2022 Thursday 18:00 \u2013 20:00<br>\u2022 Friday 14:00 \u2013 16:00<\/p>\n\n\n\n<p><strong>Option 2:<\/strong><br>\u2022 Friday 16:00 \u2013 18:00<br>\u2022 Saturday 12:30 \u2013 14:30<\/p>\n\n\n\n<p>Both options are held at <em>Pisina Bennie Leito<\/em>.<\/p>\n\n\n\n<p><strong>Is it okay to train less often?<\/strong><br>Yes, you may choose to come just once a week.<\/p>\n\n\n\n<p><strong>Are there training sessions during school holidays?<\/strong><br>Generally, there are no regular sessions during holidays, unless there is a tournament during or just after the holiday period.<\/p>\n\n\n\n<p>During holidays, the training schedule is adapted:<br>Athletes who want to work on their next diploma can take classes twice a week, and members can use 3 or 4 lanes to train independently if they wish.<\/p>\n\n\n\n<hr class=\"wp-block-separator has-alpha-channel-opacity\"\/>\n\n\n\n<p><strong>COMPETITIONS<\/strong><\/p>\n\n\n\n<p><strong>Are there competitions, and how often?<\/strong><br>There are about 5 competitions per year organized by the federation, plus one competition against another club.<\/p>\n\n\n\n<p><strong>Does everyone compete?<\/strong><br>No, it depends on the athlete.<\/p>\n\n\n\n<p><strong>Is there supervision for young swimmers during competitions?<\/strong><br>Yes.<\/p>\n\n\n\n<hr class=\"wp-block-separator has-alpha-channel-opacity\"\/>\n\n\n\n<p><\/p>\n","protected":false},"excerpt":{"rendered":"<p>Klek aki pa e vershon den Papiamentu Click here for English Waterballet (dat is een andere naam voor Synchroonzwemmen en Artistic Swimming) is een unieke mix van zwemmen, dansen en acrobatiek op muziek. Zwemmers leren sierlijke bewegingen, figuren en teamroutines die zowel kracht als elegantie vereisen. Het is een echte teamsport waarin expressie, ritmegevoel en [&hellip;]<\/p>\n","protected":false},"author":1,"featured_media":0,"parent":0,"menu_order":0,"comment_status":"closed","ping_status":"closed","template":"","meta":{"footnotes":""},"class_list":["post-442","page","type-page","status-publish","hentry"],"jetpack_sharing_enabled":true,"_links":{"self":[{"href":"https:\/\/orcacuracao.com\/index.php?rest_route=\/wp\/v2\/pages\/442","targetHints":{"allow":["GET"]}}],"collection":[{"href":"https:\/\/orcacuracao.com\/index.php?rest_route=\/wp\/v2\/pages"}],"about":[{"href":"https:\/\/orcacuracao.com\/index.php?rest_route=\/wp\/v2\/types\/page"}],"author":[{"embeddable":true,"href":"https:\/\/orcacuracao.com\/index.php?rest_route=\/wp\/v2\/users\/1"}],"replies":[{"embeddable":true,"href":"https:\/\/orcacuracao.com\/index.php?rest_route=%2Fwp%2Fv2%2Fcomments&post=442"}],"version-history":[{"count":4,"href":"https:\/\/orcacuracao.com\/index.php?rest_route=\/wp\/v2\/pages\/442\/revisions"}],"predecessor-version":[{"id":2062,"href":"https:\/\/orcacuracao.com\/index.php?rest_route=\/wp\/v2\/pages\/442\/revisions\/2062"}],"wp:attachment":[{"href":"https:\/\/orcacuracao.com\/index.php?rest_route=%2Fwp%2Fv2%2Fmedia&parent=442"}],"curies":[{"name":"wp","href":"https:\/\/api.w.org\/{rel}","templated":true}]}}